{"id":820,"date":"2021-07-13T15:57:19","date_gmt":"2021-07-13T15:57:19","guid":{"rendered":"https:\/\/www.prohostme.com\/projects\/?page_id=820"},"modified":"2022-06-21T09:12:09","modified_gmt":"2022-06-21T09:12:09","slug":"%d0%bc%d0%be%d1%80%d1%81%d0%ba%d0%be%d0%b5-%d0%bf%d1%80%d0%b0%d0%b2%d0%be","status":"publish","type":"page","link":"https:\/\/www.adaal.ae\/ru\/%d0%bc%d0%be%d1%80%d1%81%d0%ba%d0%be%d0%b5-%d0%bf%d1%80%d0%b0%d0%b2%d0%be\/","title":{"rendered":"\u041c\u043e\u0440\u0441\u043a\u043e\u0435 \u043f\u0440\u0430\u0432\u043e"},"content":{"rendered":"\t\t<div data-elementor-type=\"wp-page\" data-elementor-id=\"820\" class=\"elementor elementor-820\" data-elementor-post-type=\"page\">\n\t\t\t\t\t\t<section class=\"elementor-section elementor-top-section elementor-element elementor-element-fc155b4 elementor-section-boxed elementor-section-height-default elementor-section-height-default\" data-id=\"fc155b4\" data-element_type=\"section\" data-e-type=\"section\">\n\t\t\t\t\t\t<div class=\"elementor-container elementor-column-gap-default\">\n\t\t\t\t\t<div class=\"elementor-column elementor-col-33 elementor-top-column elementor-element elementor-element-4ac27ac\" data-id=\"4ac27ac\" data-element_type=\"column\" data-e-type=\"column\">\n\t\t\t<div class=\"elementor-widget-wrap\">\n\t\t\t\t\t\t\t<\/div>\n\t\t<\/div>\n\t\t\t\t<div class=\"elementor-column elementor-col-33 elementor-top-column elementor-element elementor-element-77abbf8\" data-id=\"77abbf8\" data-element_type=\"column\" data-e-type=\"column\">\n\t\t\t<div class=\"elementor-widget-wrap elementor-element-populated\">\n\t\t\t\t\t\t<div class=\"elementor-element elementor-element-68689ca elementor-widget elementor-widget-spacer\" data-id=\"68689ca\" data-element_type=\"widget\" data-e-type=\"widget\" data-settings=\"{&quot;ekit_we_effect_on&quot;:&quot;none&quot;}\" data-widget_type=\"spacer.default\">\n\t\t\t\t<div class=\"elementor-widget-container\">\n\t\t\t\t\t\t\t<div class=\"elementor-spacer\">\n\t\t\t<div class=\"elementor-spacer-inner\"><\/div>\n\t\t<\/div>\n\t\t\t\t\t\t<\/div>\n\t\t\t\t<\/div>\n\t\t\t\t<div class=\"elementor-element elementor-element-d489f1e elementor-widget elementor-widget-text-editor\" data-id=\"d489f1e\" data-element_type=\"widget\" data-e-type=\"widget\" data-settings=\"{&quot;ekit_we_effect_on&quot;:&quot;none&quot;}\" data-widget_type=\"text-editor.default\">\n\t\t\t\t<div class=\"elementor-widget-container\">\n\t\t\t\t\t\t\t\t\t<p>Ofisimiz, denizcilik s\u00f6zle\u015fmelerinin ihlalinden kaynaklanan t\u00fcm denizcilik anla\u015fmazl\u0131klar\u0131nda uzmanla\u015fm\u0131\u015ft\u0131r Ve bu departman\u0131 y\u00f6netmek i\u00e7in yetenekli bilim d\u00fcnyas\u0131 kadrolar\u0131 arac\u0131l\u0131\u011f\u0131yla y\u00fck\u00fcml\u00fcl\u00fckleri Bu s\u00f6zle\u015fmelerde \u00f6zel anla\u015fmazl\u0131klarda uzun deneyime sahiptirler ve a\u015fa\u011f\u0131daki konularda uzmanla\u015fm\u0131\u015flard\u0131r:<\/p><p>Denizcilik s\u00f6zle\u015fmelerinin haz\u0131rlanmas\u0131, yat\u0131r\u0131mlar\u0131n g\u00f6zden ge\u00e7irilmesi ve hukuki yard\u0131m sa\u011flanmas\u0131 Sat\u0131\u015f, sat\u0131n alma, in\u015faat, rehabilitasyon ve gemi kiralama s\u00f6zle\u015fmelerinin olu\u015fturulmas\u0131 Deniz kirlili\u011fi ile ilgili hususlar Deniz sigortas\u0131 Dava \u00f6ncesi ve sonras\u0131 gemilerin rezerve edilmesi ve buradaki itirazlar<\/p>\t\t\t\t\t\t\t\t<\/div>\n\t\t\t\t<\/div>\n\t\t\t\t\t<\/div>\n\t\t<\/div>\n\t\t\t\t<div class=\"elementor-column elementor-col-33 elementor-top-column elementor-element elementor-element-488ec2e\" data-id=\"488ec2e\" data-element_type=\"column\" data-e-type=\"column\">\n\t\t\t<div class=\"elementor-widget-wrap\">\n\t\t\t\t\t\t\t<\/div>\n\t\t<\/div>\n\t\t\t\t\t<\/div>\n\t\t<\/section>\n\t\t\t\t<\/div>\n\t\t","protected":false},"excerpt":{"rendered":"<p>Ofisimiz, denizcilik s\u00f6zle\u015fmelerinin ihlalinden kaynaklanan t\u00fcm denizcilik anla\u015fmazl\u0131klar\u0131nda uzmanla\u015fm\u0131\u015ft\u0131r Ve bu departman\u0131 y\u00f6netmek i\u00e7in yetenekli bilim d\u00fcnyas\u0131 kadrolar\u0131 arac\u0131l\u0131\u011f\u0131yla y\u00fck\u00fcml\u00fcl\u00fckleri Bu s\u00f6zle\u015fmelerde \u00f6zel anla\u015fmazl\u0131klarda uzun deneyime sahiptirler ve a\u015fa\u011f\u0131daki konularda uzmanla\u015fm\u0131\u015flard\u0131r: Denizcilik s\u00f6zle\u015fmelerinin haz\u0131rlanmas\u0131, yat\u0131r\u0131mlar\u0131n g\u00f6zden ge\u00e7irilmesi ve hukuki yard\u0131m sa\u011flanmas\u0131 Sat\u0131\u015f, sat\u0131n alma, in\u015faat, rehabilitasyon ve gemi kiralama s\u00f6zle\u015fmelerinin olu\u015fturulmas\u0131 Deniz kirlili\u011fi ile ilgili [&hellip;]<\/p>\n","protected":false},"author":1,"featured_media":0,"parent":0,"menu_order":0,"comment_status":"closed","ping_status":"closed","template":"tpl-default-elementor.php","meta":{"_joinchat":[],"footnotes":""},"class_list":["post-820","page","type-page","status-publish","hentry"],"yoast_head":"<!-- This site is optimized with the Yoast SEO Premium plugin v20.13 (Yoast SEO v27.4) - https:\/\/yoast.com\/product\/yoast-seo-premium-wordpress\/ -->\n<title>\u041c\u043e\u0440\u0441\u043a\u043e\u0435 \u043f\u0440\u0430\u0432\u043e - Awad Al Aryani Advocates \u044e\u0440\u0438\u0434\u0438\u0447\u0435\u0441\u043a\u043e\u0435 \u043a\u043e\u043d\u0441\u0443\u043b\u044c\u0442\u0438\u0440\u043e\u0432\u0430\u043d\u0438\u0435<\/title>\n<meta name=\"robots\" content=\"index, follow, max-snippet:-1, max-image-preview:large, max-video-preview:-1\" \/>\n<link rel=\"canonical\" href=\"http:\/\/www.adaal.ae\/ru\/\u043c\u043e\u0440\u0441\u043a\u043e\u0435-\u043f\u0440\u0430\u0432\u043e\/\" \/>\n<meta property=\"og:locale\" content=\"en_US\" \/>\n<meta property=\"og:type\" content=\"article\" \/>\n<meta property=\"og:title\" content=\"\u041c\u043e\u0440\u0441\u043a\u043e\u0435 \u043f\u0440\u0430\u0432\u043e\" \/>\n<meta property=\"og:description\" content=\"Ofisimiz, denizcilik s\u00f6zle\u015fmelerinin ihlalinden kaynaklanan t\u00fcm denizcilik anla\u015fmazl\u0131klar\u0131nda uzmanla\u015fm\u0131\u015ft\u0131r Ve bu departman\u0131 y\u00f6netmek i\u00e7in yetenekli bilim d\u00fcnyas\u0131 kadrolar\u0131 arac\u0131l\u0131\u011f\u0131yla y\u00fck\u00fcml\u00fcl\u00fckleri Bu s\u00f6zle\u015fmelerde \u00f6zel anla\u015fmazl\u0131klarda uzun deneyime sahiptirler ve a\u015fa\u011f\u0131daki konularda uzmanla\u015fm\u0131\u015flard\u0131r: Denizcilik s\u00f6zle\u015fmelerinin haz\u0131rlanmas\u0131, yat\u0131r\u0131mlar\u0131n g\u00f6zden ge\u00e7irilmesi ve hukuki yard\u0131m sa\u011flanmas\u0131 Sat\u0131\u015f, sat\u0131n alma, in\u015faat, rehabilitasyon ve gemi kiralama s\u00f6zle\u015fmelerinin olu\u015fturulmas\u0131 Deniz kirlili\u011fi ile ilgili [&hellip;]\" \/>\n<meta property=\"og:url\" content=\"http:\/\/www.adaal.ae\/ru\/\u043c\u043e\u0440\u0441\u043a\u043e\u0435-\u043f\u0440\u0430\u0432\u043e\/\" \/>\n<meta property=\"og:site_name\" content=\"Awad Al Aryani Advocates \u044e\u0440\u0438\u0434\u0438\u0447\u0435\u0441\u043a\u043e\u0435 \u043a\u043e\u043d\u0441\u0443\u043b\u044c\u0442\u0438\u0440\u043e\u0432\u0430\u043d\u0438\u0435\" \/>\n<meta property=\"article:modified_time\" content=\"2022-06-21T09:12:09+00:00\" \/>\n<meta name=\"twitter:card\" content=\"summary_large_image\" \/>\n<meta name=\"twitter:label1\" content=\"Est. reading time\" \/>\n\t<meta name=\"twitter:data1\" content=\"1 minute\" \/>\n<script type=\"application\/ld+json\" class=\"yoast-schema-graph\">{\"@context\":\"https:\\\/\\\/schema.org\",\"@graph\":[{\"@type\":\"WebPage\",\"@id\":\"http:\\\/\\\/www.adaal.ae\\\/ru\\\/%d0%bc%d0%be%d1%80%d1%81%d0%ba%d0%be%d0%b5-%d0%bf%d1%80%d0%b0%d0%b2%d0%be\\\/\",\"url\":\"http:\\\/\\\/www.adaal.ae\\\/ru\\\/%d0%bc%d0%be%d1%80%d1%81%d0%ba%d0%be%d0%b5-%d0%bf%d1%80%d0%b0%d0%b2%d0%be\\\/\",\"name\":\"\u041c\u043e\u0440\u0441\u043a\u043e\u0435 \u043f\u0440\u0430\u0432\u043e - Awad Al Aryani Advocates \u044e\u0440\u0438\u0434\u0438\u0447\u0435\u0441\u043a\u043e\u0435 \u043a\u043e\u043d\u0441\u0443\u043b\u044c\u0442\u0438\u0440\u043e\u0432\u0430\u043d\u0438\u0435\",\"isPartOf\":{\"@id\":\"https:\\\/\\\/www.adaal.ae\\\/ru\\\/#website\"},\"datePublished\":\"2021-07-13T15:57:19+00:00\",\"dateModified\":\"2022-06-21T09:12:09+00:00\",\"breadcrumb\":{\"@id\":\"http:\\\/\\\/www.adaal.ae\\\/ru\\\/%d0%bc%d0%be%d1%80%d1%81%d0%ba%d0%be%d0%b5-%d0%bf%d1%80%d0%b0%d0%b2%d0%be\\\/#breadcrumb\"},\"inLanguage\":\"en-US\",\"potentialAction\":[{\"@type\":\"ReadAction\",\"target\":[\"http:\\\/\\\/www.adaal.ae\\\/ru\\\/%d0%bc%d0%be%d1%80%d1%81%d0%ba%d0%be%d0%b5-%d0%bf%d1%80%d0%b0%d0%b2%d0%be\\\/\"]}]},{\"@type\":\"BreadcrumbList\",\"@id\":\"http:\\\/\\\/www.adaal.ae\\\/ru\\\/%d0%bc%d0%be%d1%80%d1%81%d0%ba%d0%be%d0%b5-%d0%bf%d1%80%d0%b0%d0%b2%d0%be\\\/#breadcrumb\",\"itemListElement\":[{\"@type\":\"ListItem\",\"position\":1,\"name\":\"Home\",\"item\":\"https:\\\/\\\/www.adaal.ae\\\/ru\\\/\"},{\"@type\":\"ListItem\",\"position\":2,\"name\":\"\u041c\u043e\u0440\u0441\u043a\u043e\u0435 \u043f\u0440\u0430\u0432\u043e\"}]},{\"@type\":\"WebSite\",\"@id\":\"https:\\\/\\\/www.adaal.ae\\\/ru\\\/#website\",\"url\":\"https:\\\/\\\/www.adaal.ae\\\/ru\\\/\",\"name\":\"Awad Al Aryani Advocates \u044e\u0440\u0438\u0434\u0438\u0447\u0435\u0441\u043a\u043e\u0435 \u043a\u043e\u043d\u0441\u0443\u043b\u044c\u0442\u0438\u0440\u043e\u0432\u0430\u043d\u0438\u0435\",\"description\":\"\u044e\u0440\u0438\u0441\u0442\u044b \u0432 \u0434\u0443\u0431\u0430\u0435\",\"potentialAction\":[{\"@type\":\"SearchAction\",\"target\":{\"@type\":\"EntryPoint\",\"urlTemplate\":\"https:\\\/\\\/www.adaal.ae\\\/ru\\\/?s={search_term_string}\"},\"query-input\":{\"@type\":\"PropertyValueSpecification\",\"valueRequired\":true,\"valueName\":\"search_term_string\"}}],\"inLanguage\":\"en-US\"}]}<\/script>\n<!-- \/ Yoast SEO Premium plugin. -->","yoast_head_json":{"title":"\u041c\u043e\u0440\u0441\u043a\u043e\u0435 \u043f\u0440\u0430\u0432\u043e - Awad Al Aryani Advocates \u044e\u0440\u0438\u0434\u0438\u0447\u0435\u0441\u043a\u043e\u0435 \u043a\u043e\u043d\u0441\u0443\u043b\u044c\u0442\u0438\u0440\u043e\u0432\u0430\u043d\u0438\u0435","robots":{"index":"index","follow":"follow","max-snippet":"max-snippet:-1","max-image-preview":"max-image-preview:large","max-video-preview":"max-video-preview:-1"},"canonical":"http:\/\/www.adaal.ae\/ru\/\u043c\u043e\u0440\u0441\u043a\u043e\u0435-\u043f\u0440\u0430\u0432\u043e\/","og_locale":"en_US","og_type":"article","og_title":"\u041c\u043e\u0440\u0441\u043a\u043e\u0435 \u043f\u0440\u0430\u0432\u043e","og_description":"Ofisimiz, denizcilik s\u00f6zle\u015fmelerinin ihlalinden kaynaklanan t\u00fcm denizcilik anla\u015fmazl\u0131klar\u0131nda uzmanla\u015fm\u0131\u015ft\u0131r Ve bu departman\u0131 y\u00f6netmek i\u00e7in yetenekli bilim d\u00fcnyas\u0131 kadrolar\u0131 arac\u0131l\u0131\u011f\u0131yla y\u00fck\u00fcml\u00fcl\u00fckleri Bu s\u00f6zle\u015fmelerde \u00f6zel anla\u015fmazl\u0131klarda uzun deneyime sahiptirler ve a\u015fa\u011f\u0131daki konularda uzmanla\u015fm\u0131\u015flard\u0131r: Denizcilik s\u00f6zle\u015fmelerinin haz\u0131rlanmas\u0131, yat\u0131r\u0131mlar\u0131n g\u00f6zden ge\u00e7irilmesi ve hukuki yard\u0131m sa\u011flanmas\u0131 Sat\u0131\u015f, sat\u0131n alma, in\u015faat, rehabilitasyon ve gemi kiralama s\u00f6zle\u015fmelerinin olu\u015fturulmas\u0131 Deniz kirlili\u011fi ile ilgili [&hellip;]","og_url":"http:\/\/www.adaal.ae\/ru\/\u043c\u043e\u0440\u0441\u043a\u043e\u0435-\u043f\u0440\u0430\u0432\u043e\/","og_site_name":"Awad Al Aryani Advocates \u044e\u0440\u0438\u0434\u0438\u0447\u0435\u0441\u043a\u043e\u0435 \u043a\u043e\u043d\u0441\u0443\u043b\u044c\u0442\u0438\u0440\u043e\u0432\u0430\u043d\u0438\u0435","article_modified_time":"2022-06-21T09:12:09+00:00","twitter_card":"summary_large_image","twitter_misc":{"Est. reading time":"1 minute"},"schema":{"@context":"https:\/\/schema.org","@graph":[{"@type":"WebPage","@id":"http:\/\/www.adaal.ae\/ru\/%d0%bc%d0%be%d1%80%d1%81%d0%ba%d0%be%d0%b5-%d0%bf%d1%80%d0%b0%d0%b2%d0%be\/","url":"http:\/\/www.adaal.ae\/ru\/%d0%bc%d0%be%d1%80%d1%81%d0%ba%d0%be%d0%b5-%d0%bf%d1%80%d0%b0%d0%b2%d0%be\/","name":"\u041c\u043e\u0440\u0441\u043a\u043e\u0435 \u043f\u0440\u0430\u0432\u043e - Awad Al Aryani Advocates \u044e\u0440\u0438\u0434\u0438\u0447\u0435\u0441\u043a\u043e\u0435 \u043a\u043e\u043d\u0441\u0443\u043b\u044c\u0442\u0438\u0440\u043e\u0432\u0430\u043d\u0438\u0435","isPartOf":{"@id":"https:\/\/www.adaal.ae\/ru\/#website"},"datePublished":"2021-07-13T15:57:19+00:00","dateModified":"2022-06-21T09:12:09+00:00","breadcrumb":{"@id":"http:\/\/www.adaal.ae\/ru\/%d0%bc%d0%be%d1%80%d1%81%d0%ba%d0%be%d0%b5-%d0%bf%d1%80%d0%b0%d0%b2%d0%be\/#breadcrumb"},"inLanguage":"en-US","potentialAction":[{"@type":"ReadAction","target":["http:\/\/www.adaal.ae\/ru\/%d0%bc%d0%be%d1%80%d1%81%d0%ba%d0%be%d0%b5-%d0%bf%d1%80%d0%b0%d0%b2%d0%be\/"]}]},{"@type":"BreadcrumbList","@id":"http:\/\/www.adaal.ae\/ru\/%d0%bc%d0%be%d1%80%d1%81%d0%ba%d0%be%d0%b5-%d0%bf%d1%80%d0%b0%d0%b2%d0%be\/#breadcrumb","itemListElement":[{"@type":"ListItem","position":1,"name":"Home","item":"https:\/\/www.adaal.ae\/ru\/"},{"@type":"ListItem","position":2,"name":"\u041c\u043e\u0440\u0441\u043a\u043e\u0435 \u043f\u0440\u0430\u0432\u043e"}]},{"@type":"WebSite","@id":"https:\/\/www.adaal.ae\/ru\/#website","url":"https:\/\/www.adaal.ae\/ru\/","name":"Awad Al Aryani Advocates \u044e\u0440\u0438\u0434\u0438\u0447\u0435\u0441\u043a\u043e\u0435 \u043a\u043e\u043d\u0441\u0443\u043b\u044c\u0442\u0438\u0440\u043e\u0432\u0430\u043d\u0438\u0435","description":"\u044e\u0440\u0438\u0441\u0442\u044b \u0432 \u0434\u0443\u0431\u0430\u0435","potentialAction":[{"@type":"SearchAction","target":{"@type":"EntryPoint","urlTemplate":"https:\/\/www.adaal.ae\/ru\/?s={search_term_string}"},"query-input":{"@type":"PropertyValueSpecification","valueRequired":true,"valueName":"search_term_string"}}],"inLanguage":"en-US"}]}},"_links":{"self":[{"href":"https:\/\/www.adaal.ae\/ru\/wp-json\/wp\/v2\/pages\/820","targetHints":{"allow":["GET"]}}],"collection":[{"href":"https:\/\/www.adaal.ae\/ru\/wp-json\/wp\/v2\/pages"}],"about":[{"href":"https:\/\/www.adaal.ae\/ru\/wp-json\/wp\/v2\/types\/page"}],"author":[{"embeddable":true,"href":"https:\/\/www.adaal.ae\/ru\/wp-json\/wp\/v2\/users\/1"}],"replies":[{"embeddable":true,"href":"https:\/\/www.adaal.ae\/ru\/wp-json\/wp\/v2\/comments?post=820"}],"version-history":[{"count":15,"href":"https:\/\/www.adaal.ae\/ru\/wp-json\/wp\/v2\/pages\/820\/revisions"}],"predecessor-version":[{"id":1833,"href":"https:\/\/www.adaal.ae\/ru\/wp-json\/wp\/v2\/pages\/820\/revisions\/1833"}],"wp:attachment":[{"href":"https:\/\/www.adaal.ae\/ru\/wp-json\/wp\/v2\/media?parent=820"}],"curies":[{"name":"wp","href":"https:\/\/api.w.org\/{rel}","templated":true}]}}